{"id":28269,"date":"2024-07-11T20:25:57","date_gmt":"2024-07-11T20:25:57","guid":{"rendered":"https:\/\/duisport.de\/?page_id=28269"},"modified":"2025-06-04T08:05:50","modified_gmt":"2025-06-04T08:05:50","slug":"imprint","status":"publish","type":"page","link":"https:\/\/duisport.de\/en\/imprint\/","title":{"rendered":"Imprint"},"content":{"rendered":"<section class=\"block-texteditor mt-0 pt-block-80 pb-block-80 mb-0 position-relative\">\n  <div class=\"container\">\n    <div class=\"row justify-content-center\">\n      <div class=\"col-12 col-md-10 col-lg-8 text-flow\">\n\t\t\t\t<h1>Impressum<\/h1>\n<p>&nbsp;<\/p>\n<p><span style=\"color: #002eff; font-size: 24px;\"><strong>Anbieterkennzeichnung gem\u00e4\u00df \u00a7 5 TMG<\/strong><\/span><\/p>\n<p><span style=\"font-size: 20px;\">Duisburger Hafen AG<\/span><br \/>\n<span style=\"font-size: 20px;\">Alte Ruhrorter Stra\u00dfe 42\u201352<\/span><br \/>\n<span style=\"font-size: 20px;\">47119 Duisburg<\/span><\/p>\n<p>&nbsp;<\/p>\n<p><span style=\"color: #002eff; font-size: 24px;\"><strong>Kontakt<\/strong><\/span><\/p>\n<p><span style=\"font-size: 20px;\">Tel.: +49 203 803-0<\/span><br \/>\n<span style=\"font-size: 20px;\">Fax: +49 203 803-4232<\/span><br \/>\n<span style=\"font-size: 20px;\">mail@duisport.de<\/span><\/p>\n<p>&nbsp;<\/p>\n<p><span style=\"font-size: 24px; color: #002eff;\"><strong>Die Duisburger Hafen AG wird vertreten<\/strong><\/span><br \/>\n<span style=\"font-size: 24px; color: #002eff;\"><strong>durch den Vorstand:<\/strong><\/span><\/p>\n<p><span style=\"font-size: 20px;\">Markus Bangen (Vorstandsvorsitzender), Lars Nennhaus und Giordana Sperling-Doppstadt<\/span><\/p>\n<p>&nbsp;<\/p>\n<p><span style=\"color: #002eff; font-size: 24px;\"><strong>Registereintrag<\/strong><\/span><\/p>\n<p><span style=\"font-size: 20px;\">Eintragung im Handelsregister<\/span><br \/>\n<span style=\"font-size: 20px;\">Registergericht: Amtsgericht Duisburg<\/span><br \/>\n<span style=\"font-size: 20px;\">Registernummer: 180<\/span><\/p>\n<p>&nbsp;<\/p>\n<p><span style=\"color: #002eff; font-size: 24px;\"><strong>Umsatzsteuer<\/strong><\/span><\/p>\n<p><span style=\"font-size: 20px;\">Umsatzsteuer-Identifikationsnummer gem\u00e4\u00df \u00a727 a Umsatzsteuergesetz: DE 121 319 842<\/span><\/p>\n<p><span style=\"color: #002eff;\"><strong><span style=\"font-size: 24px;\">Verantwortlich f\u00fcr den Inhalt nach \u00a7 55 Abs. 2 RStV<\/span><\/strong><\/span><\/p>\n<p><span style=\"font-size: 20px;\"><b>Andreas Bartel<br \/>\n<\/b>Alte Ruhrorter Stra\u00dfe 42\u201352<br \/>\n47119 Duisburg<\/span><\/p>\n<p>&nbsp;<\/p>\n<p><span style=\"color: #002eff; font-size: 24px;\"><strong>Streitschlichtung (Verbraucherschlichtung &#8211; Hinweise nach Art. 14 Abs. 2 ODR-VO und \u00a7 36 VSBG)<\/strong><\/span><\/p>\n<p><span style=\"font-size: 20px;\">Die Europ\u00e4ische Kommission stellt eine Plattform zur Online-Streitbeilegung (OS) bereit: https:\/\/ec.europa.eu\/consumers\/odr<\/span><\/p>\n<p><span style=\"font-size: 20px;\">Wir sind nicht bereit oder verpflichtet, an Streitbeilegungsverfahren vor einer Verbraucherschlichtungsstelle teilzunehmen. Zust\u00e4ndig w\u00e4re die Allgemeine Verbraucherschlichtungsstelle des Zentrums f\u00fcr Schlichtung e. V., Stra\u00dfburger Str. 8, 77694 Kehl (www.verbraucher-schlichter.de).<\/span><\/p>\n<p>&nbsp;<\/p>\n<p><span style=\"color: #002eff;\"><strong><span style=\"font-size: 24px;\">Design und technische Umsetzung<\/span><\/strong><\/span><\/p>\n<p><span style=\"font-size: 20px;\"><b>dws Werbeagentur GmbH<br \/>\n<\/b><\/span><span style=\"font-size: 20px;\">mail@dwsw.de<br \/>\n<\/span><span style=\"font-size: 20px;\">www.dwsw.de<\/span><\/p>\n<p>&nbsp;<\/p>\n<p><span style=\"color: #002eff;\"><strong><span style=\"font-size: 24px;\">Redaktionelle Verantwortung<\/span><\/strong><\/span><\/p>\n<p><b style=\"font-size: 20px;\">Andreas Bartel<br \/>\n<\/b><span style=\"font-size: 20px;\">Leiter Unternehmenskommunikation<br \/>\n<\/span><span style=\"font-size: 20px;\">Haftung f\u00fcr Inhalte<br \/>\n<\/span><span style=\"font-size: 20px;\">unternehmenskommunikation@duisport.de<\/span><\/p>\n<p>&nbsp;<\/p>\n<p><span style=\"color: #002eff; font-size: 24px;\"><strong>Bildnachweis<\/strong><\/span><\/p>\n<p><span style=\"font-size: 20px;\">Luftaufnahmen, Luftbild Blossey<br \/>\n<\/span><span style=\"font-size: 20px;\">dws Werbeagentur GmbH<br \/>\n<\/span><span style=\"font-size: 20px;\">Vorstandsbilder, Oliver Tjaden<br \/>\n<\/span><span style=\"font-size: 20px;\">Frank Reinhold Fotografie<br \/>\nB.CONNECT<\/span><\/p>\n<p>&nbsp;<\/p>\n<p><span style=\"color: #002eff;\"><strong><span style=\"font-size: 24px;\">Haftung f\u00fcr Inhalte<\/span><\/strong><\/span><\/p>\n<p><span style=\"font-size: 20px;\">Als Diensteanbieter sind wir gem\u00e4\u00df \u00a7 7 Abs.1 TMG f\u00fcr eigene Inhalte auf diesen Seiten nach den allgemeinen Gesetzen verantwortlich. Nach \u00a7\u00a7 8 bis 10 TMG sind wir als Diensteanbieter jedoch nicht verpflichtet, \u00fcbermittelte oder gespeicherte fremde Informationen zu \u00fcberwachen oder nach Umst\u00e4nden zu forschen, die auf eine rechtswidrige T\u00e4tigkeit hinweisen.<\/span><\/p>\n<p><span style=\"font-size: 20px;\">Verpflichtungen zur Entfernung oder Sperrung der Nutzung von Informationen nach den allgemeinen Gesetzen bleiben hiervon unber\u00fchrt. Eine diesbez\u00fcgliche Haftung ist jedoch erst ab dem Zeitpunkt der Kenntnis einer konkreten Rechtsverletzung m\u00f6glich. Bei Bekanntwerden von entsprechenden Rechtsverletzungen werden wir diese Inhalte umgehend entfernen.<\/span><\/p>\n<p>&nbsp;<\/p>\n<p><span style=\"color: #002eff; font-size: 24px;\"><strong>Haftung f\u00fcr Links<\/strong><\/span><\/p>\n<p><span style=\"font-size: 20px;\">Unser Angebot enth\u00e4lt Links zu externen Websites Dritter, auf deren Inhalte wir keinen Einfluss haben. Deshalb k\u00f6nnen wir f\u00fcr diese fremden Inhalte auch keine Gew\u00e4hr \u00fcbernehmen. F\u00fcr die Inhalte der verlinkten Seiten ist stets der jeweilige Anbieter oder Betreiber der Seiten verantwortlich. Die verlinkten Seiten wurden zum Zeitpunkt der Verlinkung auf m\u00f6gliche Rechtsverst\u00f6\u00dfe \u00fcberpr\u00fcft. Rechtswidrige Inhalte waren zum Zeitpunkt der Verlinkung nicht erkennbar.<\/span><\/p>\n<p><span style=\"font-size: 20px;\">Eine permanente inhaltliche Kontrolle der verlinkten Seiten ist jedoch ohne konkrete Anhaltspunkte einer Rechtsverletzung nicht zumutbar. Bei Bekanntwerden von Rechtsverletzungen werden wir derartige Links umgehend entfernen.<\/span><\/p>\n<p>&nbsp;<\/p>\n<p><span style=\"color: #002eff; font-size: 24px;\"><strong>Urheberrecht<\/strong><\/span><\/p>\n<p><span style=\"font-size: 20px;\">Die durch die Seitenbetreiber erstellten Inhalte und Werke auf diesen Seiten unterliegen dem deutschen Urheberrecht. Die Vervielf\u00e4ltigung, Bearbeitung, Verbreitung und jede Art der Verwertung au\u00dferhalb der Grenzen des Urheberrechtes bed\u00fcrfen der schriftlichen Zustimmung des jeweiligen Autors bzw. Erstellers. Downloads und Kopien dieser Seite sind nur f\u00fcr den privaten, nicht kommerziellen Gebrauch gestattet.<\/span><\/p>\n<p><span style=\"font-size: 20px;\">Soweit die Inhalte auf dieser Seite nicht vom Betreiber erstellt wurden, werden die Urheberrechte Dritter beachtet. Insbesondere werden Inhalte Dritter als solche gekennzeichnet. Sollten Sie trotzdem auf eine Urheberrechtsverletzung aufmerksam werden, bitten wir um einen entsprechenden Hinweis. Bei Bekanntwerden von Rechtsverletzungen werden wir derartige Inhalte umgehend entfernen.<\/span><\/p>\n\t\t  \n\n\t\t  \n\t\t\t<\/div>\n    <\/div>\n  <\/div>\n\t\n\t\t\n<\/section>\n","protected":false},"excerpt":{"rendered":"","protected":false},"author":3,"featured_media":22622,"parent":0,"menu_order":0,"comment_status":"closed","ping_status":"closed","template":"","meta":{"_acf_changed":false,"inline_featured_image":false,"footnotes":""},"class_list":["post-28269","page","type-page","status-publish","has-post-thumbnail","hentry"],"acf":[],"_links":{"self":[{"href":"https:\/\/duisport.de\/en\/wp-json\/wp\/v2\/pages\/28269","targetHints":{"allow":["GET"]}}],"collection":[{"href":"https:\/\/duisport.de\/en\/wp-json\/wp\/v2\/pages"}],"about":[{"href":"https:\/\/duisport.de\/en\/wp-json\/wp\/v2\/types\/page"}],"author":[{"embeddable":true,"href":"https:\/\/duisport.de\/en\/wp-json\/wp\/v2\/users\/3"}],"replies":[{"embeddable":true,"href":"https:\/\/duisport.de\/en\/wp-json\/wp\/v2\/comments?post=28269"}],"version-history":[{"count":2,"href":"https:\/\/duisport.de\/en\/wp-json\/wp\/v2\/pages\/28269\/revisions"}],"predecessor-version":[{"id":28277,"href":"https:\/\/duisport.de\/en\/wp-json\/wp\/v2\/pages\/28269\/revisions\/28277"}],"wp:featuredmedia":[{"embeddable":true,"href":"https:\/\/duisport.de\/en\/wp-json\/wp\/v2\/media\/22622"}],"wp:attachment":[{"href":"https:\/\/duisport.de\/en\/wp-json\/wp\/v2\/media?parent=28269"}],"curies":[{"name":"wp","href":"https:\/\/api.w.org\/{rel}","templated":true}]}}